{"id":4111,"date":"2025-05-25T09:59:06","date_gmt":"2025-05-25T09:59:06","guid":{"rendered":"https:\/\/instruments.antara.be\/product\/mallet-ab\/"},"modified":"2025-08-17T00:15:22","modified_gmt":"2025-08-17T00:15:22","slug":"mallet-ab","status":"publish","type":"product","link":"https:\/\/instruments.antara.be\/fr\/produit\/mallet-ab\/","title":{"rendered":"Mallet AB"},"content":{"rendered":"<p><span data-sheets-root=\"1\">Convient aux petits bols chantants et offre une touche chaleureuse. Le AB peut \u00e9galement \u00eatre utilis\u00e9 avec de grands bols pour en extraire les notes aigu\u00ebs. <\/span><\/p>\n","protected":false},"excerpt":{"rendered":"<p>Convient aux petits bols chantants et offre une touche chaleureuse. Le AB peut \u00e9galement \u00eatre utilis\u00e9 avec de grands bols pour en extraire les notes aigu\u00ebs.<\/p>\n","protected":false},"featured_media":4112,"comment_status":"open","ping_status":"closed","template":"","meta":{"_acf_changed":false},"product_brand":[],"product_cat":[21],"product_tag":[],"class_list":{"0":"post-4111","1":"product","2":"type-product","3":"status-publish","4":"has-post-thumbnail","6":"product_cat-mallets","8":"first","9":"instock","10":"shipping-taxable","11":"purchasable","12":"product-type-simple"},"acf":[],"aioseo_notices":[],"_links":{"self":[{"href":"https:\/\/instruments.antara.be\/fr\/wp-json\/wp\/v2\/product\/4111","targetHints":{"allow":["GET"]}}],"collection":[{"href":"https:\/\/instruments.antara.be\/fr\/wp-json\/wp\/v2\/product"}],"about":[{"href":"https:\/\/instruments.antara.be\/fr\/wp-json\/wp\/v2\/types\/product"}],"replies":[{"embeddable":true,"href":"https:\/\/instruments.antara.be\/fr\/wp-json\/wp\/v2\/comments?post=4111"}],"wp:featuredmedia":[{"embeddable":true,"href":"https:\/\/instruments.antara.be\/fr\/wp-json\/wp\/v2\/media\/4112"}],"wp:attachment":[{"href":"https:\/\/instruments.antara.be\/fr\/wp-json\/wp\/v2\/media?parent=4111"}],"wp:term":[{"taxonomy":"product_brand","embeddable":true,"href":"https:\/\/instruments.antara.be\/fr\/wp-json\/wp\/v2\/product_brand?post=4111"},{"taxonomy":"product_cat","embeddable":true,"href":"https:\/\/instruments.antara.be\/fr\/wp-json\/wp\/v2\/product_cat?post=4111"},{"taxonomy":"product_tag","embeddable":true,"href":"https:\/\/instruments.antara.be\/fr\/wp-json\/wp\/v2\/product_tag?post=4111"}],"curies":[{"name":"wp","href":"https:\/\/api.w.org\/{rel}","templated":true}]}}