{"id":4094,"date":"2025-05-29T10:49:17","date_gmt":"2025-05-29T10:49:17","guid":{"rendered":"https:\/\/instruments.antara.be\/product\/mallet-f\/"},"modified":"2025-05-29T10:49:17","modified_gmt":"2025-05-29T10:49:17","slug":"mallet-f","status":"publish","type":"product","link":"https:\/\/instruments.antara.be\/fr\/produit\/mallet-f\/","title":{"rendered":"Mallet F"},"content":{"rendered":"<p><span data-sheets-root=\"1\">Convient aux tr\u00e8s grands bols chantants et aux gongs, et offre une touche tr\u00e8s pleine et agr\u00e9able.<\/span><\/p>\n","protected":false},"excerpt":{"rendered":"<p>Convient aux tr\u00e8s grands bols chantants et aux gongs, et offre une touche tr\u00e8s pleine et agr\u00e9able.<\/p>\n","protected":false},"featured_media":4095,"comment_status":"open","ping_status":"closed","template":"","meta":{"_acf_changed":false},"product_brand":[],"product_cat":[117],"product_tag":[],"class_list":{"0":"post-4094","1":"product","2":"type-product","3":"status-publish","4":"has-post-thumbnail","6":"product_cat-mailloches","8":"first","9":"instock","10":"shipping-taxable","11":"purchasable","12":"product-type-simple"},"acf":[],"aioseo_notices":[],"_links":{"self":[{"href":"https:\/\/instruments.antara.be\/fr\/wp-json\/wp\/v2\/product\/4094","targetHints":{"allow":["GET"]}}],"collection":[{"href":"https:\/\/instruments.antara.be\/fr\/wp-json\/wp\/v2\/product"}],"about":[{"href":"https:\/\/instruments.antara.be\/fr\/wp-json\/wp\/v2\/types\/product"}],"replies":[{"embeddable":true,"href":"https:\/\/instruments.antara.be\/fr\/wp-json\/wp\/v2\/comments?post=4094"}],"wp:featuredmedia":[{"embeddable":true,"href":"https:\/\/instruments.antara.be\/fr\/wp-json\/wp\/v2\/media\/4095"}],"wp:attachment":[{"href":"https:\/\/instruments.antara.be\/fr\/wp-json\/wp\/v2\/media?parent=4094"}],"wp:term":[{"taxonomy":"product_brand","embeddable":true,"href":"https:\/\/instruments.antara.be\/fr\/wp-json\/wp\/v2\/product_brand?post=4094"},{"taxonomy":"product_cat","embeddable":true,"href":"https:\/\/instruments.antara.be\/fr\/wp-json\/wp\/v2\/product_cat?post=4094"},{"taxonomy":"product_tag","embeddable":true,"href":"https:\/\/instruments.antara.be\/fr\/wp-json\/wp\/v2\/product_tag?post=4094"}],"curies":[{"name":"wp","href":"https:\/\/api.w.org\/{rel}","templated":true}]}}