{"id":3656,"date":"2025-08-06T14:40:50","date_gmt":"2025-08-06T14:40:50","guid":{"rendered":"https:\/\/instruments.antara.be\/product\/bon-cadeau-emballe\/"},"modified":"2025-12-22T17:47:49","modified_gmt":"2025-12-22T17:47:49","slug":"bon-cadeau-emballe","status":"publish","type":"product","link":"https:\/\/instruments.antara.be\/fr\/produit\/bon-cadeau-emballe\/","title":{"rendered":"Bon cadeau emball\u00e9"},"content":{"rendered":"<p class=\"p1\">Une carte cadeau est bien plus qu\u2019un pr\u00e9sent.<\/p>\n<p class=\"p1\">C\u2019est une invitation au calme. Une douce pause pour respirer, se d\u00e9tendre et rel\u00e2cher. La carte peut \u00eatre utilis\u00e9e pour toutes les propositions d\u2019Antara incluant les s\u00e9ances individuelles de travail corporel, de respiration consciente, de son, les \u00e9v\u00e9nements de groupe, les ateliers ainsi que dans la boutique en ligne Antara. Elle est valable durant un an \u00e0 partir de la date d\u2019achat.<\/p>\n<p class=\"p1\">La Wrapped Gift Voucher est une carte physique, imprim\u00e9e sur papier Tintoretto \u00e9l\u00e9gant et gliss\u00e9e dans une belle enveloppe. Vous pouvez choisir de l\u2019envoyer directement \u00e0 la personne \u00e0 qui vous offrez le cadeau ou de la recevoir chez vous afin de la remettre en main propre.<\/p>\n<p class=\"p1\">Souhaitez-vous recevoir ou envoyer votre carte cadeau instantan\u00e9ment par email, directement dans votre bo\u00eete de r\u00e9ception ou celle du destinataire?<\/p>\n<p><a style=\"text-decoration: underline;\" href=\"https:\/\/instruments.antara.be\/fr\/produit\/bon-cadeau-numerique\/\">Alors cliquez simplement sur ce lien.<\/p>\n<p><\/a><\/p>\n<p class=\"p1\"><em>Les cartes cadeaux ne sont pas remboursables.<\/em><\/p>\n","protected":false},"excerpt":{"rendered":"<p>Une carte cadeau est bien plus qu\u2019un pr\u00e9sent. C\u2019est une invitation au calme. Une douce pause pour respirer, se d\u00e9tendre et rel\u00e2cher. La carte peut \u00eatre utilis\u00e9e pour toutes les propositions d\u2019Antara incluant les s\u00e9ances individuelles de travail corporel, de respiration consciente, de son, les \u00e9v\u00e9nements de groupe, les ateliers ainsi que dans la boutique [&hellip;]<\/p>\n","protected":false},"featured_media":3874,"comment_status":"open","ping_status":"closed","template":"","meta":{"_acf_changed":false},"product_brand":[],"product_cat":[81],"product_tag":[82],"class_list":{"0":"post-3656","1":"product","2":"type-product","3":"status-publish","4":"has-post-thumbnail","6":"product_cat-bon-cadeau","7":"product_tag-bon-cadeau","9":"first","10":"instock","11":"shipping-taxable","12":"purchasable","13":"product-type-pw-gift-card"},"acf":[],"aioseo_notices":[],"_links":{"self":[{"href":"https:\/\/instruments.antara.be\/fr\/wp-json\/wp\/v2\/product\/3656","targetHints":{"allow":["GET"]}}],"collection":[{"href":"https:\/\/instruments.antara.be\/fr\/wp-json\/wp\/v2\/product"}],"about":[{"href":"https:\/\/instruments.antara.be\/fr\/wp-json\/wp\/v2\/types\/product"}],"replies":[{"embeddable":true,"href":"https:\/\/instruments.antara.be\/fr\/wp-json\/wp\/v2\/comments?post=3656"}],"wp:featuredmedia":[{"embeddable":true,"href":"https:\/\/instruments.antara.be\/fr\/wp-json\/wp\/v2\/media\/3874"}],"wp:attachment":[{"href":"https:\/\/instruments.antara.be\/fr\/wp-json\/wp\/v2\/media?parent=3656"}],"wp:term":[{"taxonomy":"product_brand","embeddable":true,"href":"https:\/\/instruments.antara.be\/fr\/wp-json\/wp\/v2\/product_brand?post=3656"},{"taxonomy":"product_cat","embeddable":true,"href":"https:\/\/instruments.antara.be\/fr\/wp-json\/wp\/v2\/product_cat?post=3656"},{"taxonomy":"product_tag","embeddable":true,"href":"https:\/\/instruments.antara.be\/fr\/wp-json\/wp\/v2\/product_tag?post=3656"}],"curies":[{"name":"wp","href":"https:\/\/api.w.org\/{rel}","templated":true}]}}