{"id":3637,"date":"2025-07-18T11:03:44","date_gmt":"2025-07-18T11:03:44","guid":{"rendered":"https:\/\/instruments.antara.be\/product\/bon-cadeau-electronique\/"},"modified":"2025-12-22T17:53:08","modified_gmt":"2025-12-22T17:53:08","slug":"bon-cadeau-numerique","status":"publish","type":"product","link":"https:\/\/instruments.antara.be\/fr\/produit\/bon-cadeau-numerique\/","title":{"rendered":"Bon cadeau num\u00e9rique"},"content":{"rendered":"<p class=\"p1\">Une carte cadeau est une invitation \u00e0 la pause.<\/p>\n<p class=\"p1\">Elle offre un moment pour s\u2019adoucir, respirer et se reconnecter. La carte peut \u00eatre utilis\u00e9e pour toutes les propositions d\u2019Antara incluant les s\u00e9ances individuelles de travail corporel, de respiration consciente, de son, les \u00e9v\u00e9nements de groupe, les ateliers ainsi que dans la boutique en ligne Antara. Elle est valable durant un an \u00e0 partir de la date d\u2019achat.<\/p>\n<p class=\"p1\">Avec la Digital Gift Voucher, vous recevez votre carte instantan\u00e9ment par email avec un code unique. Vous pouvez la transf\u00e9rer directement au destinataire ou vous l\u2019envoyer \u00e0 vous-m\u00eame pour l\u2019offrir plus tard.<\/p>\n<p class=\"p1\">Pr\u00e9f\u00e9rez-vous recevoir ou envoyer votre carte cadeau joliment emball\u00e9e et livr\u00e9e \u00e0 votre domicile ou \u00e0 celui du destinataire<\/p>\n<p><a style=\"text-decoration: underline;\" href=\"https:\/\/instruments.antara.be\/fr\/produit\/bon-cadeau-emballe\/\">Alors cliquez simplement sur ce lien.<\/p>\n<p><\/a><\/p>\n<p class=\"p1\"><em>Les cartes cadeaux ne sont pas remboursables.<\/em><\/p>\n","protected":false},"excerpt":{"rendered":"<p>Une carte cadeau est une invitation \u00e0 la pause. Elle offre un moment pour s\u2019adoucir, respirer et se reconnecter. La carte peut \u00eatre utilis\u00e9e pour toutes les propositions d\u2019Antara incluant les s\u00e9ances individuelles de travail corporel, de respiration consciente, de son, les \u00e9v\u00e9nements de groupe, les ateliers ainsi que dans la boutique en ligne Antara. [&hellip;]<\/p>\n","protected":false},"featured_media":4194,"comment_status":"open","ping_status":"closed","template":"","meta":{"_acf_changed":false},"product_brand":[],"product_cat":[81],"product_tag":[82],"class_list":{"0":"post-3637","1":"product","2":"type-product","3":"status-publish","4":"has-post-thumbnail","6":"product_cat-bon-cadeau","7":"product_tag-bon-cadeau","9":"first","10":"instock","11":"purchasable","12":"product-type-pw-gift-card"},"acf":[],"aioseo_notices":[],"_links":{"self":[{"href":"https:\/\/instruments.antara.be\/fr\/wp-json\/wp\/v2\/product\/3637","targetHints":{"allow":["GET"]}}],"collection":[{"href":"https:\/\/instruments.antara.be\/fr\/wp-json\/wp\/v2\/product"}],"about":[{"href":"https:\/\/instruments.antara.be\/fr\/wp-json\/wp\/v2\/types\/product"}],"replies":[{"embeddable":true,"href":"https:\/\/instruments.antara.be\/fr\/wp-json\/wp\/v2\/comments?post=3637"}],"wp:featuredmedia":[{"embeddable":true,"href":"https:\/\/instruments.antara.be\/fr\/wp-json\/wp\/v2\/media\/4194"}],"wp:attachment":[{"href":"https:\/\/instruments.antara.be\/fr\/wp-json\/wp\/v2\/media?parent=3637"}],"wp:term":[{"taxonomy":"product_brand","embeddable":true,"href":"https:\/\/instruments.antara.be\/fr\/wp-json\/wp\/v2\/product_brand?post=3637"},{"taxonomy":"product_cat","embeddable":true,"href":"https:\/\/instruments.antara.be\/fr\/wp-json\/wp\/v2\/product_cat?post=3637"},{"taxonomy":"product_tag","embeddable":true,"href":"https:\/\/instruments.antara.be\/fr\/wp-json\/wp\/v2\/product_tag?post=3637"}],"curies":[{"name":"wp","href":"https:\/\/api.w.org\/{rel}","templated":true}]}}