{"id":2220,"date":"2025-04-25T08:42:53","date_gmt":"2025-04-25T08:42:53","guid":{"rendered":"https:\/\/instruments.antara.be\/boutique\/"},"modified":"2026-02-18T15:49:20","modified_gmt":"2026-02-18T15:49:20","slug":"boutique","status":"publish","type":"page","link":"https:\/\/instruments.antara.be\/fr\/","title":{"rendered":"Boutique"},"content":{"rendered":"\n<p>Bienvenue chez Antara Instruments ! Ici, vous trouverez une s\u00e9lection soigneusement choisie des m\u00eames instruments que j\u2019utilise dans mes sessions \u2014 chacun s\u00e9lectionn\u00e9 pour sa qualit\u00e9 exceptionnelle, fabriqu\u00e9 \u00e0 partir des meilleurs mat\u00e9riaux et r\u00e9sonnant d\u2019un son unique. <br\/><\/p>\n","protected":false},"excerpt":{"rendered":"<p>Bienvenue chez Antara Instruments ! Ici, vous trouverez une s\u00e9lection soigneusement choisie des m\u00eames instruments que j\u2019utilise dans mes sessions \u2014 chacun s\u00e9lectionn\u00e9 pour sa qualit\u00e9 exceptionnelle, fabriqu\u00e9 \u00e0 partir des meilleurs mat\u00e9riaux et r\u00e9sonnant d\u2019un son unique.<\/p>\n","protected":false},"author":2,"featured_media":5197,"parent":0,"menu_order":0,"comment_status":"closed","ping_status":"closed","template":"","meta":{"_acf_changed":false,"footnotes":""},"class_list":["post-2220","page","type-page","status-publish","has-post-thumbnail","hentry"],"acf":[],"aioseo_notices":[],"_links":{"self":[{"href":"https:\/\/instruments.antara.be\/fr\/wp-json\/wp\/v2\/pages\/2220","targetHints":{"allow":["GET"]}}],"collection":[{"href":"https:\/\/instruments.antara.be\/fr\/wp-json\/wp\/v2\/pages"}],"about":[{"href":"https:\/\/instruments.antara.be\/fr\/wp-json\/wp\/v2\/types\/page"}],"author":[{"embeddable":true,"href":"https:\/\/instruments.antara.be\/fr\/wp-json\/wp\/v2\/users\/2"}],"replies":[{"embeddable":true,"href":"https:\/\/instruments.antara.be\/fr\/wp-json\/wp\/v2\/comments?post=2220"}],"version-history":[{"count":2,"href":"https:\/\/instruments.antara.be\/fr\/wp-json\/wp\/v2\/pages\/2220\/revisions"}],"predecessor-version":[{"id":5215,"href":"https:\/\/instruments.antara.be\/fr\/wp-json\/wp\/v2\/pages\/2220\/revisions\/5215"}],"wp:featuredmedia":[{"embeddable":true,"href":"https:\/\/instruments.antara.be\/fr\/wp-json\/wp\/v2\/media\/5197"}],"wp:attachment":[{"href":"https:\/\/instruments.antara.be\/fr\/wp-json\/wp\/v2\/media?parent=2220"}],"curies":[{"name":"wp","href":"https:\/\/api.w.org\/{rel}","templated":true}]}}