{"id":3661,"date":"2025-08-06T14:40:50","date_gmt":"2025-08-06T14:40:50","guid":{"rendered":"https:\/\/instruments.antara.be\/product\/vale-regalo-envuelto-2\/"},"modified":"2025-12-22T17:48:37","modified_gmt":"2025-12-22T17:48:37","slug":"tarjeta-regalo-fisico","status":"publish","type":"product","link":"https:\/\/instruments.antara.be\/es\/producto\/tarjeta-regalo-fisico\/","title":{"rendered":"Tarjeta regalo f\u00edsica"},"content":{"rendered":"<p class=\"p1\">Una tarjeta regalo es m\u00e1s que un obsequio.<\/p>\n<p class=\"p1\">Es una invitaci\u00f3n a la quietud. Una peque\u00f1a pausa para respirar, relajarse y soltarse. La tarjeta puede utilizarse para todas las propuestas de Antara incluyendo sesiones individuales de trabajo corporal, respiraci\u00f3n consciente, sesiones de sonido, eventos en grupo, talleres y tambi\u00e9n en la tienda online de Antara. Tiene una validez de un a\u00f1o desde la fecha de compra.<\/p>\n<p class=\"p1\">La Wrapped Gift Voucher es una tarjeta f\u00edsica, impresa en elegante papel Tintoretto y presentada en un sobre cuidado. Puedes elegir enviarla directamente a la persona que recibe el regalo o recibirla en tu propia direcci\u00f3n para entregarla en mano.<\/p>\n<p class=\"p1\">\u00bfPrefieres recibir o enviar tu tarjeta regalo al instante por email, directamente en tu bandeja o en la de la persona destinataria?<\/p>\n<p><a style=\"text-decoration: underline;\" href=\"https:\/\/instruments.antara.be\/es\/producto\/tarjeta-regalo-digital\/\">Simplemente haz clic en este enlace.<\/a><\/p>\n<p class=\"p1\"><em>Las tarjetas regalo no son reembolsables.<\/em><\/p>\n","protected":false},"excerpt":{"rendered":"<p>Una tarjeta regalo es m\u00e1s que un obsequio. Es una invitaci\u00f3n a la quietud. Una peque\u00f1a pausa para respirar, relajarse y soltarse. La tarjeta puede utilizarse para todas las propuestas de Antara incluyendo sesiones individuales de trabajo corporal, respiraci\u00f3n consciente, sesiones de sonido, eventos en grupo, talleres y tambi\u00e9n en la tienda online de Antara. [&hellip;]<\/p>\n","protected":false},"featured_media":3875,"comment_status":"open","ping_status":"closed","template":"","meta":{"_acf_changed":false},"product_brand":[],"product_cat":[83],"product_tag":[84],"class_list":{"0":"post-3661","1":"product","2":"type-product","3":"status-publish","4":"has-post-thumbnail","6":"product_cat-tarjeta-regalo","7":"product_tag-tarjeta-regalo","9":"first","10":"instock","11":"shipping-taxable","12":"purchasable","13":"product-type-pw-gift-card"},"acf":[],"aioseo_notices":[],"_links":{"self":[{"href":"https:\/\/instruments.antara.be\/es\/wp-json\/wp\/v2\/product\/3661","targetHints":{"allow":["GET"]}}],"collection":[{"href":"https:\/\/instruments.antara.be\/es\/wp-json\/wp\/v2\/product"}],"about":[{"href":"https:\/\/instruments.antara.be\/es\/wp-json\/wp\/v2\/types\/product"}],"replies":[{"embeddable":true,"href":"https:\/\/instruments.antara.be\/es\/wp-json\/wp\/v2\/comments?post=3661"}],"wp:featuredmedia":[{"embeddable":true,"href":"https:\/\/instruments.antara.be\/es\/wp-json\/wp\/v2\/media\/3875"}],"wp:attachment":[{"href":"https:\/\/instruments.antara.be\/es\/wp-json\/wp\/v2\/media?parent=3661"}],"wp:term":[{"taxonomy":"product_brand","embeddable":true,"href":"https:\/\/instruments.antara.be\/es\/wp-json\/wp\/v2\/product_brand?post=3661"},{"taxonomy":"product_cat","embeddable":true,"href":"https:\/\/instruments.antara.be\/es\/wp-json\/wp\/v2\/product_cat?post=3661"},{"taxonomy":"product_tag","embeddable":true,"href":"https:\/\/instruments.antara.be\/es\/wp-json\/wp\/v2\/product_tag?post=3661"}],"curies":[{"name":"wp","href":"https:\/\/api.w.org\/{rel}","templated":true}]}}