{"id":3643,"date":"2025-07-18T11:03:44","date_gmt":"2025-07-18T11:03:44","guid":{"rendered":"https:\/\/instruments.antara.be\/product\/vale-regalo-envuelto\/"},"modified":"2025-12-22T17:54:08","modified_gmt":"2025-12-22T17:54:08","slug":"tarjeta-regalo-digital","status":"publish","type":"product","link":"https:\/\/instruments.antara.be\/es\/producto\/tarjeta-regalo-digital\/","title":{"rendered":"Tarjeta regalo digital"},"content":{"rendered":"<p class=\"p1\">Una tarjeta regalo es una invitaci\u00f3n a pausar.<\/p>\n<p class=\"p1\">Ofrece un momento para suavizar, respirar y reconectar. La tarjeta puede utilizarse para todas las propuestas de Antara incluyendo sesiones individuales de trabajo corporal, respiraci\u00f3n consciente, sesiones de sonido, eventos en grupo, talleres y tambi\u00e9n en la tienda online de Antara. Tiene una validez de un a\u00f1o desde la fecha de compra.<\/p>\n<p class=\"p1\">Con la Digital Gift Voucher recibes tu tarjeta al instante por email con un c\u00f3digo \u00fanico. Puedes reenviarla directamente a la persona destinataria o envi\u00e1rtela a ti para regalarla m\u00e1s adelante.<\/p>\n<p class=\"p1\">\u00bfPrefieres recibir o enviar tu tarjeta regalo bellamente envuelta y entregada en tu domicilio o en el de la persona que la recibe?<\/p>\n<p><a style=\"text-decoration: underline;\" href=\"https:\/\/instruments.antara.be\/es\/producto\/tarjeta-regalo-fisico\/\">Simplemente haz clic en este enlace.<\/a><\/p>\n<p class=\"p1\"><em>Las tarjetas regalo no son reembolsables.<\/em><\/p>\n","protected":false},"excerpt":{"rendered":"<p>Una tarjeta regalo es una invitaci\u00f3n a pausar. Ofrece un momento para suavizar, respirar y reconectar. La tarjeta puede utilizarse para todas las propuestas de Antara incluyendo sesiones individuales de trabajo corporal, respiraci\u00f3n consciente, sesiones de sonido, eventos en grupo, talleres y tambi\u00e9n en la tienda online de Antara. Tiene una validez de un a\u00f1o [&hellip;]<\/p>\n","protected":false},"featured_media":4195,"comment_status":"open","ping_status":"closed","template":"","meta":{"_acf_changed":false},"product_brand":[],"product_cat":[83],"product_tag":[84],"class_list":{"0":"post-3643","1":"product","2":"type-product","3":"status-publish","4":"has-post-thumbnail","6":"product_cat-tarjeta-regalo","7":"product_tag-tarjeta-regalo","9":"first","10":"instock","11":"purchasable","12":"product-type-pw-gift-card"},"acf":[],"aioseo_notices":[],"_links":{"self":[{"href":"https:\/\/instruments.antara.be\/es\/wp-json\/wp\/v2\/product\/3643","targetHints":{"allow":["GET"]}}],"collection":[{"href":"https:\/\/instruments.antara.be\/es\/wp-json\/wp\/v2\/product"}],"about":[{"href":"https:\/\/instruments.antara.be\/es\/wp-json\/wp\/v2\/types\/product"}],"replies":[{"embeddable":true,"href":"https:\/\/instruments.antara.be\/es\/wp-json\/wp\/v2\/comments?post=3643"}],"wp:featuredmedia":[{"embeddable":true,"href":"https:\/\/instruments.antara.be\/es\/wp-json\/wp\/v2\/media\/4195"}],"wp:attachment":[{"href":"https:\/\/instruments.antara.be\/es\/wp-json\/wp\/v2\/media?parent=3643"}],"wp:term":[{"taxonomy":"product_brand","embeddable":true,"href":"https:\/\/instruments.antara.be\/es\/wp-json\/wp\/v2\/product_brand?post=3643"},{"taxonomy":"product_cat","embeddable":true,"href":"https:\/\/instruments.antara.be\/es\/wp-json\/wp\/v2\/product_cat?post=3643"},{"taxonomy":"product_tag","embeddable":true,"href":"https:\/\/instruments.antara.be\/es\/wp-json\/wp\/v2\/product_tag?post=3643"}],"curies":[{"name":"wp","href":"https:\/\/api.w.org\/{rel}","templated":true}]}}